{"id":9,"date":"2024-10-11T17:19:53","date_gmt":"2024-10-11T17:19:53","guid":{"rendered":"https:\/\/pumpen-franke.de\/Wordpress\/?page_id=9"},"modified":"2024-10-11T17:19:53","modified_gmt":"2024-10-11T17:19:53","slug":"pumpen-und-montageservice-in-mittelfranken","status":"publish","type":"page","link":"https:\/\/www.pumpen-franke.de\/Wordpress\/index.php\/pumpen-und-montageservice-in-mittelfranken\/","title":{"rendered":"Pumpen- und Montageservice in Mittelfranken"},"content":{"rendered":"\t\t<div data-elementor-type=\"wp-page\" data-elementor-id=\"9\" class=\"elementor elementor-9\">\n\t\t\t\t\n<div class=\"wp-block-group alignfull\" style=\"padding: var(--wp--preset--spacing--50);\">\n<div class=\"wp-block-group has-global-padding is-layout-constrained wp-container-core-group-is-layout-650790e1 wp-block-group-is-layout-constrained\">\n<h1 class=\"wp-block-heading has-text-align-center has-x-large-font-size\"><strong>Von der Beratung bis zur Montage, alles aus einer Hand<\/strong><\/h1>\n\n<p>Wir existieren seit 2008 und besch\u00e4ftigen bereits 5 Mitarbeiter. Wir bieten Pumpen- und Montageservice f\u00fcr die Region Mittelfranken und dar\u00fcber hinaus.<br \/><br \/>Unsere Kunden reichen vom Hauseigent\u00fcmer \u00fcber die Industrie zu Hotels, Vereine und Hausverwaltungen bis hin zum einfachen Hobbyg\u00e4rtner. Nutzen Sie unseren Service, wir freuen uns auf Ihren Anruf, denn Wasser ist eines der wertvollsten G\u00fcter der Menschheit.<\/p>\n<\/div>\n<\/div>\n\t\t\t\t\t\t\t\t<\/div>\n\t\t\t\t<\/div>\n\t\t\t\t\t<\/div>\n\t\t\t\t<\/div>\n\t\t<div class=\"elementor-element elementor-element-be2906f e-flex e-con-boxed e-con e-parent\" data-id=\"be2906f\" data-element_type=\"container\">\n\t\t\t\t\t<div class=\"e-con-inner\">\n\t\t\t\t<div class=\"elementor-element elementor-element-1b9159a elementor-widget elementor-widget-text-editor\" data-id=\"1b9159a\" data-element_type=\"widget\" data-widget_type=\"text-editor.default\">\n\t\t\t\t<div class=\"elementor-widget-container\">\n\t\t\t\t\t\t\t\t\t<p><strong>24 h Notdienst<\/strong><\/p>\n<p>Durch unseren 24h Notdienst sind wir f\u00fcr Sie rund um die Uhr erreichbar.<\/p>\n<p><strong>0171 \/ 67 17 620<\/strong><\/p>\t\t\t\t\t\t\t\t<\/div>\n\t\t\t\t<\/div>\n\t\t\t\t\t<\/div>\n\t\t\t\t<\/div>\n\t\t<div class=\"elementor-element elementor-element-f03f10a e-flex e-con-boxed e-con e-parent\" data-id=\"f03f10a\" data-element_type=\"container\">\n\t\t\t\t\t<div class=\"e-con-inner\">\n\t\t\t\t<div class=\"elementor-element elementor-element-0179e09 elementor-widget elementor-widget-image\" data-id=\"0179e09\" data-element_type=\"widget\" data-widget_type=\"image.default\">\n\t\t\t\t<div class=\"elementor-widget-container\">\n\t\t\t\t\t\t\t\t\t\t\t\t\t\t\t<img fetchpriority=\"high\" decoding=\"async\" width=\"1024\" height=\"480\" src=\"https:\/\/www.pumpen-franke.de\/Wordpress\/wp-content\/uploads\/2024\/10\/building-exterior-1024x480.webp\" class=\"attachment-large size-large wp-image-18\" alt=\"\" srcset=\"https:\/\/www.pumpen-franke.de\/Wordpress\/wp-content\/uploads\/2024\/10\/building-exterior-1024x480.webp 1024w, https:\/\/www.pumpen-franke.de\/Wordpress\/wp-content\/uploads\/2024\/10\/building-exterior-300x141.webp 300w, https:\/\/www.pumpen-franke.de\/Wordpress\/wp-content\/uploads\/2024\/10\/building-exterior-768x360.webp 768w, https:\/\/www.pumpen-franke.de\/Wordpress\/wp-content\/uploads\/2024\/10\/building-exterior.webp 1500w\" sizes=\"(max-width: 1024px) 100vw, 1024px\" \/>\t\t\t\t\t\t\t\t\t\t\t\t\t\t\t<\/div>\n\t\t\t\t<\/div>\n\t\t\t\t\t<\/div>\n\t\t\t\t<\/div>\n\t\t<div class=\"elementor-element elementor-element-2598c385 e-flex e-con-boxed e-con e-parent\" data-id=\"2598c385\" data-element_type=\"container\">\n\t\t\t\t\t<div class=\"e-con-inner\">\n\t\t\t\t<div class=\"elementor-element elementor-element-55cb0f18 elementor-widget elementor-widget-text-editor\" data-id=\"55cb0f18\" data-element_type=\"widget\" data-widget_type=\"text-editor.default\">\n\t\t\t\t<div class=\"elementor-widget-container\">\n\t\t\t\t\t\t\t\t\t\n<div class=\"wp-block-group alignfull has-global-padding is-layout-constrained wp-container-core-group-is-layout-490fa1db wp-block-group-is-layout-constrained\" style=\"padding: var(--wp--preset--spacing--50);\"><!-- wp:group {\"style\":{\"spacing\":{\"blockGap\":\"0px\"}},\"layout\":{\"type\":\"constrained\",\"contentSize\":\"565px\"}} -->\n<div class=\"wp-block-group\"><!-- wp:heading {\"textAlign\":\"center\",\"level\":1,\"fontSize\":\"x-large\"} -->\n<h1 class=\"wp-block-heading has-text-align-center has-x-large-font-size\"><strong>Von der Beratung bis zur Montage, alles aus einer Hand<\/strong><\/h1>\n<!-- \/wp:heading --><!-- wp:paragraph -->\n<p>Wir existieren seit 2008 und besch\u00e4ftigen bereits 5 Mitarbeiter. Wir bieten Pumpen- und Montageservice f\u00fcr die Region Mittelfranken und dar\u00fcber hinaus.<br \/><br \/>Unsere Kunden reichen vom Hauseigent\u00fcmer \u00fcber die Industrie zu Hotels, Vereine und Hausverwaltungen bis hin zum einfachen Hobbyg\u00e4rtner. Nutzen Sie unseren Service, wir freuen uns auf Ihren Anruf, denn Wasser ist eines der wertvollsten G\u00fcter der Menschheit.<\/p>\n<\/div>\n<\/div>\n<!-- \/wp:group -->\t\t\t\t\t\t\t\t<\/div>\n\t\t\t\t<\/div>\n\t\t\t\t\t<\/div>\n\t\t\t\t<\/div>\n\t\t<div class=\"elementor-element elementor-element-be2906f e-flex e-con-boxed e-con e-parent\" data-id=\"be2906f\" data-element_type=\"container\">\n\t\t\t\t\t<div class=\"e-con-inner\">\n\t\t\t\t<div class=\"elementor-element elementor-element-1b9159a elementor-widget elementor-widget-text-editor\" data-id=\"1b9159a\" data-element_type=\"widget\" data-widget_type=\"text-editor.default\">\n\t\t\t\t<div class=\"elementor-widget-container\">\n\t\t\t\t\t\t\t\t\t<p><strong>24 h Notdienst<\/strong><\/p>\n<p>Durch unseren 24h Notdienst sind wir f\u00fcr Sie rund um die Uhr erreichbar.<\/p>\n<p><strong>0171 \/ 67 17 620<\/strong><\/p>\t\t\t\t\t\t\t\t<\/div>\n\t\t\t\t<\/div>\n\t\t\t\t\t<\/div>\n\t\t\t\t<\/div>\n\t\t\t\t<\/div>\n\t\t","protected":false},"excerpt":{"rendered":"<p>Von der Beratung bis zur Montage, alles aus einer Hand Wir existieren seit 2008 und besch\u00e4ftigen bereits 5 Mitarbeiter. Wir bieten Pumpen- und Montageservice f\u00fcr die Region Mittelfranken und dar\u00fcber hinaus. Unsere Kunden reichen vom Hauseigent\u00fcmer \u00fcber die Industrie zu Hotels, Vereine und Hausverwaltungen bis hin zum einfachen Hobbyg\u00e4rtner. Nutzen Sie unseren Service, wir freuen [&hellip;]<\/p>\n","protected":false},"author":1,"featured_media":0,"parent":0,"menu_order":0,"comment_status":"closed","ping_status":"closed","template":"elementor_theme","meta":{"footnotes":""},"class_list":["post-9","page","type-page","status-publish","hentry"],"_links":{"self":[{"href":"https:\/\/www.pumpen-franke.de\/Wordpress\/index.php\/wp-json\/wp\/v2\/pages\/9","targetHints":{"allow":["GET"]}}],"collection":[{"href":"https:\/\/www.pumpen-franke.de\/Wordpress\/index.php\/wp-json\/wp\/v2\/pages"}],"about":[{"href":"https:\/\/www.pumpen-franke.de\/Wordpress\/index.php\/wp-json\/wp\/v2\/types\/page"}],"author":[{"embeddable":true,"href":"https:\/\/www.pumpen-franke.de\/Wordpress\/index.php\/wp-json\/wp\/v2\/users\/1"}],"replies":[{"embeddable":true,"href":"https:\/\/www.pumpen-franke.de\/Wordpress\/index.php\/wp-json\/wp\/v2\/comments?post=9"}],"version-history":[{"count":9,"href":"https:\/\/www.pumpen-franke.de\/Wordpress\/index.php\/wp-json\/wp\/v2\/pages\/9\/revisions"}],"predecessor-version":[{"id":113,"href":"https:\/\/www.pumpen-franke.de\/Wordpress\/index.php\/wp-json\/wp\/v2\/pages\/9\/revisions\/113"}],"wp:attachment":[{"href":"https:\/\/www.pumpen-franke.de\/Wordpress\/index.php\/wp-json\/wp\/v2\/media?parent=9"}],"curies":[{"name":"wp","href":"https:\/\/api.w.org\/{rel}","templated":true}]}}