{"id":54,"date":"2024-10-11T17:19:53","date_gmt":"2024-10-11T17:19:53","guid":{"rendered":"https:\/\/pumpen-franke.de\/Wordpress\/?page_id=54"},"modified":"2025-05-08T15:39:27","modified_gmt":"2025-05-08T15:39:27","slug":"impressum","status":"publish","type":"page","link":"https:\/\/www.pumpen-franke.de\/Wordpress\/index.php\/impressum\/","title":{"rendered":"Impressum"},"content":{"rendered":"\t\t<div data-elementor-type=\"wp-page\" data-elementor-id=\"54\" class=\"elementor elementor-54\">\n\t\t\t\t<div class=\"elementor-element elementor-element-d767af6 e-con-full e-flex e-con e-parent\" data-id=\"d767af6\" data-element_type=\"container\">\n\t\t\t\t<div class=\"elementor-element elementor-element-18a3318 elementor-widget elementor-widget-heading\" data-id=\"18a3318\" data-element_type=\"widget\" data-widget_type=\"heading.default\">\n\t\t\t\t<div class=\"elementor-widget-container\">\n\t\t\t\t\t<h2 class=\"elementor-heading-title elementor-size-default\"><p style=\"margin-bottom:7.5pt;line-height:15.0pt\"><span style=\"font-size:13.5pt;,sans-serif;color:#666666\">Impressum<\/span><span style=\"color: var( --e-global-color-primary );font-family: var( --e-global-typography-primary-font-family ), Sans-serif;font-size: var(--wp--preset--font-size--x-large);font-weight: var( --e-global-typography-primary-font-weight );text-align: var(--text-align);background-color: var(--wp--preset--color--base)\"><\/span><\/p><\/h2>\t\t\t\t<\/div>\n\t\t\t\t<\/div>\n\t\t\t\t<\/div>\n\t\t<div class=\"elementor-element elementor-element-eddb5ad e-flex e-con-boxed e-con e-parent\" data-id=\"eddb5ad\" data-element_type=\"container\">\n\t\t\t\t\t<div class=\"e-con-inner\">\n\t\t\t\t<div class=\"elementor-element elementor-element-3dee744 elementor-widget elementor-widget-text-editor\" data-id=\"3dee744\" data-element_type=\"widget\" data-widget_type=\"text-editor.default\">\n\t\t\t\t<div class=\"elementor-widget-container\">\n\t\t\t\t\t\t\t\t\t<p><strong>Franke Pumpen- &amp; Montageservice<\/strong><br \/>Inh. Thomas Franke<br \/>Karl-Jatho-Weg 12<br \/>90411 N\u00fcrnberg<\/p><p>Tel.: +49 (0) 171 6717640<\/p><p><strong>Internet:<\/strong> <a href=\"http:\/\/www.pumpen-franke.de\/\">www.pumpen-franke.de<\/a><br \/><strong>E-Mail:<\/strong> \u00a0 <a href=\"mailto:info@pumpen-franke.de\">info@pumpen-franke.de<\/a><\/p><p>\u00a0<\/p><p><strong>Verantwortlich f\u00fcr den Inhalt:<\/strong><br \/>Thomas Franke<\/p><p>USt.Ident.Nr.:<br \/>DE258712258<\/p><p>Mitglied in der Handwerkskammer f\u00fcr Mittelfranken<br \/>Eintrag in der Handwerkerrolle N\u00fcrnberg als Feinwerksmechaniker<br \/>Betriebs-Nr.: 100353<\/p><p><strong>Haftungshinweis:<br \/><\/strong>Trotz sorgf\u00e4ltiger inhaltlicher Kontrolle \u00fcbernehmen wir keine Haftung f\u00fcr die Inhalte externer Links. F\u00fcr den Inhalt der verlinkten Seiten sind ausschlie\u00dflich deren Betreiber verantwortlich.<\/p><p><a href=\"http:\/\/www.pumpen-franke.de\/impressum\/\">Impressum<\/a>|<a href=\"http:\/\/www.pumpen-franke.de\/datenschutz\/\">Datenschutz<\/a>|<a href=\"http:\/\/www.pumpen-franke.de\/nutzungsbedingungen\/\">Nutzungsbedingungen<\/a><\/p>\t\t\t\t\t\t\t\t<\/div>\n\t\t\t\t<\/div>\n\t\t\t\t\t<\/div>\n\t\t\t\t<\/div>\n\t\t\t\t<\/div>\n\t\t","protected":false},"excerpt":{"rendered":"<p>Impressum Franke Pumpen- &amp; MontageserviceInh. Thomas FrankeKarl-Jatho-Weg 1290411 N\u00fcrnberg Tel.: +49 (0) 171 6717640 Internet: www.pumpen-franke.deE-Mail: \u00a0 info@pumpen-franke.de \u00a0 Verantwortlich f\u00fcr den Inhalt:Thomas Franke USt.Ident.Nr.:DE258712258 Mitglied in der Handwerkskammer f\u00fcr MittelfrankenEintrag in der Handwerkerrolle N\u00fcrnberg als FeinwerksmechanikerBetriebs-Nr.: 100353 Haftungshinweis:Trotz sorgf\u00e4ltiger inhaltlicher Kontrolle \u00fcbernehmen wir keine Haftung f\u00fcr die Inhalte externer Links. F\u00fcr den Inhalt der [&hellip;]<\/p>\n","protected":false},"author":1,"featured_media":0,"parent":0,"menu_order":12,"comment_status":"closed","ping_status":"closed","template":"","meta":{"footnotes":""},"class_list":["post-54","page","type-page","status-publish","hentry"],"_links":{"self":[{"href":"https:\/\/www.pumpen-franke.de\/Wordpress\/index.php\/wp-json\/wp\/v2\/pages\/54","targetHints":{"allow":["GET"]}}],"collection":[{"href":"https:\/\/www.pumpen-franke.de\/Wordpress\/index.php\/wp-json\/wp\/v2\/pages"}],"about":[{"href":"https:\/\/www.pumpen-franke.de\/Wordpress\/index.php\/wp-json\/wp\/v2\/types\/page"}],"author":[{"embeddable":true,"href":"https:\/\/www.pumpen-franke.de\/Wordpress\/index.php\/wp-json\/wp\/v2\/users\/1"}],"replies":[{"embeddable":true,"href":"https:\/\/www.pumpen-franke.de\/Wordpress\/index.php\/wp-json\/wp\/v2\/comments?post=54"}],"version-history":[{"count":8,"href":"https:\/\/www.pumpen-franke.de\/Wordpress\/index.php\/wp-json\/wp\/v2\/pages\/54\/revisions"}],"predecessor-version":[{"id":160,"href":"https:\/\/www.pumpen-franke.de\/Wordpress\/index.php\/wp-json\/wp\/v2\/pages\/54\/revisions\/160"}],"wp:attachment":[{"href":"https:\/\/www.pumpen-franke.de\/Wordpress\/index.php\/wp-json\/wp\/v2\/media?parent=54"}],"curies":[{"name":"wp","href":"https:\/\/api.w.org\/{rel}","templated":true}]}}