{"id":39,"date":"2024-10-11T17:19:53","date_gmt":"2024-10-11T17:19:53","guid":{"rendered":"https:\/\/pumpen-franke.de\/Wordpress\/?page_id=39"},"modified":"2024-10-11T17:19:53","modified_gmt":"2024-10-11T17:19:53","slug":"reparaturen","status":"publish","type":"page","link":"https:\/\/www.pumpen-franke.de\/Wordpress\/index.php\/reparaturen\/","title":{"rendered":"Reparaturen"},"content":{"rendered":"\t\t<div data-elementor-type=\"wp-page\" data-elementor-id=\"39\" class=\"elementor elementor-39\">\n\t\t\t\t<div class=\"elementor-element elementor-element-133e40b e-flex e-con-boxed e-con e-parent\" data-id=\"133e40b\" data-element_type=\"container\">\n\t\t\t\t\t<div class=\"e-con-inner\">\n\t\t\t\t<div class=\"elementor-element elementor-element-f022278 elementor-widget elementor-widget-text-editor\" data-id=\"f022278\" data-element_type=\"widget\" data-widget_type=\"text-editor.default\">\n\t\t\t\t<div class=\"elementor-widget-container\">\n\t\t\t\t\t\t\t\t\t<p>Wir reparieren alle Pumpen s\u00e4mtlicher Marken<\/p><p>Wir verf\u00fcgen \u00fcber erfahrenes Fachpersonal das sich seit Jahren mit der Reparatur und Wartung von Pumpen besch\u00e4ftigt. Nutzen Sie unser Know-how.<\/p><p><strong>T\u00dcV-Abnahme laut Druckbeh\u00e4lterverordnung.<\/strong><\/p>\t\t\t\t\t\t\t\t<\/div>\n\t\t\t\t<\/div>\n\t\t\t\t\t<\/div>\n\t\t\t\t<\/div>\n\t\t\t\t<\/div>\n\t\t","protected":false},"excerpt":{"rendered":"<p>Wir reparieren alle Pumpen s\u00e4mtlicher Marken Wir verf\u00fcgen \u00fcber erfahrenes Fachpersonal das sich seit Jahren mit der Reparatur und Wartung von Pumpen besch\u00e4ftigt. Nutzen Sie unser Know-how. T\u00dcV-Abnahme laut Druckbeh\u00e4lterverordnung.<\/p>\n","protected":false},"author":1,"featured_media":0,"parent":0,"menu_order":4,"comment_status":"closed","ping_status":"closed","template":"","meta":{"footnotes":""},"class_list":["post-39","page","type-page","status-publish","hentry"],"_links":{"self":[{"href":"https:\/\/www.pumpen-franke.de\/Wordpress\/index.php\/wp-json\/wp\/v2\/pages\/39","targetHints":{"allow":["GET"]}}],"collection":[{"href":"https:\/\/www.pumpen-franke.de\/Wordpress\/index.php\/wp-json\/wp\/v2\/pages"}],"about":[{"href":"https:\/\/www.pumpen-franke.de\/Wordpress\/index.php\/wp-json\/wp\/v2\/types\/page"}],"author":[{"embeddable":true,"href":"https:\/\/www.pumpen-franke.de\/Wordpress\/index.php\/wp-json\/wp\/v2\/users\/1"}],"replies":[{"embeddable":true,"href":"https:\/\/www.pumpen-franke.de\/Wordpress\/index.php\/wp-json\/wp\/v2\/comments?post=39"}],"version-history":[{"count":8,"href":"https:\/\/www.pumpen-franke.de\/Wordpress\/index.php\/wp-json\/wp\/v2\/pages\/39\/revisions"}],"predecessor-version":[{"id":106,"href":"https:\/\/www.pumpen-franke.de\/Wordpress\/index.php\/wp-json\/wp\/v2\/pages\/39\/revisions\/106"}],"wp:attachment":[{"href":"https:\/\/www.pumpen-franke.de\/Wordpress\/index.php\/wp-json\/wp\/v2\/media?parent=39"}],"curies":[{"name":"wp","href":"https:\/\/api.w.org\/{rel}","templated":true}]}}