{"id":34,"date":"2024-10-11T17:19:53","date_gmt":"2024-10-11T17:19:53","guid":{"rendered":"https:\/\/pumpen-franke.de\/Wordpress\/?page_id=34"},"modified":"2024-10-11T17:19:53","modified_gmt":"2024-10-11T17:19:53","slug":"stahlbau","status":"publish","type":"page","link":"https:\/\/www.pumpen-franke.de\/Wordpress\/index.php\/stahlbau\/","title":{"rendered":"Stahlbau"},"content":{"rendered":"\t\t<div data-elementor-type=\"wp-page\" data-elementor-id=\"34\" class=\"elementor elementor-34\">\n\t\t\t\t<div class=\"elementor-element elementor-element-45aa024 e-flex e-con-boxed e-con e-parent\" data-id=\"45aa024\" data-element_type=\"container\">\n\t\t\t\t\t<div class=\"e-con-inner\">\n\t\t\t\t<div class=\"elementor-element elementor-element-c11eeb7 elementor-widget elementor-widget-text-editor\" data-id=\"c11eeb7\" data-element_type=\"widget\" data-widget_type=\"text-editor.default\">\n\t\t\t\t<div class=\"elementor-widget-container\">\n\t\t\t\t\t\t\t\t\t<p>Von der ersten Skizze bis zum fertigen Produkt<\/p><p>Wir garantieren ein hohes Ma\u00df an Qualit\u00e4t und Zuverl\u00e4ssigkeit. <br \/>Wir fertigen oder reparieren f\u00fcr Sie:<\/p><ul><li>Gartenz\u00e4une<\/li><li>Treppen<\/li><li>Balkongel\u00e4nder<\/li><\/ul>\t\t\t\t\t\t\t\t<\/div>\n\t\t\t\t<\/div>\n\t\t\t\t\t<\/div>\n\t\t\t\t<\/div>\n\t\t\t\t<\/div>\n\t\t","protected":false},"excerpt":{"rendered":"<p>Von der ersten Skizze bis zum fertigen Produkt Wir garantieren ein hohes Ma\u00df an Qualit\u00e4t und Zuverl\u00e4ssigkeit. Wir fertigen oder reparieren f\u00fcr Sie: Gartenz\u00e4une Treppen Balkongel\u00e4nder<\/p>\n","protected":false},"author":1,"featured_media":0,"parent":0,"menu_order":6,"comment_status":"closed","ping_status":"closed","template":"","meta":{"footnotes":""},"class_list":["post-34","page","type-page","status-publish","hentry"],"_links":{"self":[{"href":"https:\/\/www.pumpen-franke.de\/Wordpress\/index.php\/wp-json\/wp\/v2\/pages\/34","targetHints":{"allow":["GET"]}}],"collection":[{"href":"https:\/\/www.pumpen-franke.de\/Wordpress\/index.php\/wp-json\/wp\/v2\/pages"}],"about":[{"href":"https:\/\/www.pumpen-franke.de\/Wordpress\/index.php\/wp-json\/wp\/v2\/types\/page"}],"author":[{"embeddable":true,"href":"https:\/\/www.pumpen-franke.de\/Wordpress\/index.php\/wp-json\/wp\/v2\/users\/1"}],"replies":[{"embeddable":true,"href":"https:\/\/www.pumpen-franke.de\/Wordpress\/index.php\/wp-json\/wp\/v2\/comments?post=34"}],"version-history":[{"count":8,"href":"https:\/\/www.pumpen-franke.de\/Wordpress\/index.php\/wp-json\/wp\/v2\/pages\/34\/revisions"}],"predecessor-version":[{"id":103,"href":"https:\/\/www.pumpen-franke.de\/Wordpress\/index.php\/wp-json\/wp\/v2\/pages\/34\/revisions\/103"}],"wp:attachment":[{"href":"https:\/\/www.pumpen-franke.de\/Wordpress\/index.php\/wp-json\/wp\/v2\/media?parent=34"}],"curies":[{"name":"wp","href":"https:\/\/api.w.org\/{rel}","templated":true}]}}