{"id":25,"date":"2024-10-11T17:19:53","date_gmt":"2024-10-11T17:19:53","guid":{"rendered":"https:\/\/pumpen-franke.de\/Wordpress\/?page_id=25"},"modified":"2024-10-11T17:19:53","modified_gmt":"2024-10-11T17:19:53","slug":"leistungen-franke-pumpen-montageservice","status":"publish","type":"page","link":"https:\/\/www.pumpen-franke.de\/Wordpress\/index.php\/leistungen-franke-pumpen-montageservice\/","title":{"rendered":"Leistungen Franke Pumpen- &#038; Montageservice"},"content":{"rendered":"\t\t<div data-elementor-type=\"wp-post\" data-elementor-id=\"25\" class=\"elementor elementor-25\">\n\t\t\t\t<div class=\"elementor-element elementor-element-34d4611 e-flex e-con-boxed e-con e-parent\" data-id=\"34d4611\" data-element_type=\"container\">\n\t\t\t\t\t<div class=\"e-con-inner\">\n\t\t\t\t<div class=\"elementor-element elementor-element-e20c3c0 elementor-widget elementor-widget-text-editor\" data-id=\"e20c3c0\" data-element_type=\"widget\" data-widget_type=\"text-editor.default\">\n\t\t\t\t<div class=\"elementor-widget-container\">\n\t\t\t\t\t\t\t\t\t<p>Unser Leistungsspektrum f\u00fcr Sie:<\/p><p><strong>Beratung<\/strong><\/p><p>Sie haben Fragen? Lassen Sie sich kostenlos und unverbindlich von uns beraten. Rufen Sie gleich an: <strong>0911 \/ 52 09 194<\/strong><\/p><p><strong>Verkauf<\/strong><\/p><p>Sie haben besondere W\u00fcnsche? Sie suchen etwas Spezielles? <br \/>Sagen Sie es uns!<\/p><p><strong>Montage<\/strong><\/p><p>St\u00e4ndig f\u00fcr Sie im Einsatz. Wir montieren Druckerh\u00f6hungsanlagen, Hebeanlagen, Abwasseranlagen, Abwasserhebeanlagen, Gartenbew\u00e4sserungsanlagen, Tiefbrunnenanlagen, Regenwassernutzungsanlagen, Gartenz\u00e4une, Treppen, Balkongel\u00e4nder, Lichtwerbemittel und vieles mehr. Fragen Sie uns.<\/p><p><strong>Reparatur<\/strong><\/p><p>Ihre Anlage hat einen Defekt? Einfach anrufen und Termin vereinbaren!<\/p><p><strong>Kundendienst <\/strong><\/p><p>Immer f\u00fcr Sie da, rund um die Uhr. Nutzen Sie unseren Kundendienst.<\/p><p><strong>Wartung<\/strong><\/p><p>Wir sorgen daf\u00fcr das Ihre Pumpen stets einsatzbereit sind.<\/p>\t\t\t\t\t\t\t\t<\/div>\n\t\t\t\t<\/div>\n\t\t\t\t\t<\/div>\n\t\t\t\t<\/div>\n\t\t\t\t<\/div>\n\t\t","protected":false},"excerpt":{"rendered":"<p>Unser Leistungsspektrum f\u00fcr Sie: Beratung Sie haben Fragen? Lassen Sie sich kostenlos und unverbindlich von uns beraten. Rufen Sie gleich an: 0911 \/ 52 09 194 Verkauf Sie haben besondere W\u00fcnsche? Sie suchen etwas Spezielles? Sagen Sie es uns! Montage St\u00e4ndig f\u00fcr Sie im Einsatz. Wir montieren Druckerh\u00f6hungsanlagen, Hebeanlagen, Abwasseranlagen, Abwasserhebeanlagen, Gartenbew\u00e4sserungsanlagen, Tiefbrunnenanlagen, Regenwassernutzungsanlagen, Gartenz\u00e4une, [&hellip;]<\/p>\n","protected":false},"author":1,"featured_media":0,"parent":0,"menu_order":2,"comment_status":"closed","ping_status":"closed","template":"elementor_theme","meta":{"footnotes":""},"class_list":["post-25","page","type-page","status-publish","hentry"],"_links":{"self":[{"href":"https:\/\/www.pumpen-franke.de\/Wordpress\/index.php\/wp-json\/wp\/v2\/pages\/25","targetHints":{"allow":["GET"]}}],"collection":[{"href":"https:\/\/www.pumpen-franke.de\/Wordpress\/index.php\/wp-json\/wp\/v2\/pages"}],"about":[{"href":"https:\/\/www.pumpen-franke.de\/Wordpress\/index.php\/wp-json\/wp\/v2\/types\/page"}],"author":[{"embeddable":true,"href":"https:\/\/www.pumpen-franke.de\/Wordpress\/index.php\/wp-json\/wp\/v2\/users\/1"}],"replies":[{"embeddable":true,"href":"https:\/\/www.pumpen-franke.de\/Wordpress\/index.php\/wp-json\/wp\/v2\/comments?post=25"}],"version-history":[{"count":9,"href":"https:\/\/www.pumpen-franke.de\/Wordpress\/index.php\/wp-json\/wp\/v2\/pages\/25\/revisions"}],"predecessor-version":[{"id":119,"href":"https:\/\/www.pumpen-franke.de\/Wordpress\/index.php\/wp-json\/wp\/v2\/pages\/25\/revisions\/119"}],"wp:attachment":[{"href":"https:\/\/www.pumpen-franke.de\/Wordpress\/index.php\/wp-json\/wp\/v2\/media?parent=25"}],"curies":[{"name":"wp","href":"https:\/\/api.w.org\/{rel}","templated":true}]}}